{"id":2686,"date":"2024-01-11T11:29:41","date_gmt":"2024-01-11T11:29:41","guid":{"rendered":"https:\/\/ecoldemarkt.nl\/?page_id=2686"},"modified":"2026-02-06T14:00:41","modified_gmt":"2026-02-06T14:00:41","slug":"projecten","status":"publish","type":"page","link":"https:\/\/ecoldemarkt.nl\/?page_id=2686","title":{"rendered":"PROJECTEN"},"content":{"rendered":"\n\n<style>.wp-block-kadence-advancedheading.kt-adv-heading2686_2a3ce5-89, .wp-block-kadence-advancedheading.kt-adv-heading2686_2a3ce5-89[data-kb-block=\"kb-adv-heading2686_2a3ce5-89\"]{font-weight:normal;font-style:normal;color:#009933;}.wp-block-kadence-advancedheading.kt-adv-heading2686_2a3ce5-89 mark.kt-highlight, .wp-block-kadence-advancedheading.kt-adv-heading2686_2a3ce5-89[data-kb-block=\"kb-adv-heading2686_2a3ce5-89\"] mark.kt-highlight{font-weight:normal;font-style:normal;color:#f76a0c;-webkit-box-decoration-break:clone;box-decoration-break:clone;padding-top:0px;padding-right:0px;padding-bottom:0px;padding-left:0px;}.wp-block-kadence-advancedheading.kt-adv-heading2686_2a3ce5-89 img.kb-inline-image, .wp-block-kadence-advancedheading.kt-adv-heading2686_2a3ce5-89[data-kb-block=\"kb-adv-heading2686_2a3ce5-89\"] img.kb-inline-image{width:150px;vertical-align:baseline;}<\/style>\n<h5 class=\"kt-adv-heading2686_2a3ce5-89 wp-block-kadence-advancedheading\" data-kb-block=\"kb-adv-heading2686_2a3ce5-89\"><img loading=\"lazy\" decoding=\"async\" width=\"28\" height=\"26\" class=\"wp-image-584\" style=\"width: 28px;\" src=\"https:\/\/ecoldemarkt.nl\/wp-content\/uploads\/2018\/06\/180603-ECO-puntlogo-eco-e1528032667743.jpg\" alt=\"\"><span class=\"tadv-color\" style=\"color:#009933\"> Inleiding<\/span><\/h5>\n\n\n\n<p>Energie Co\u00f6peratie Oldemarkt Uitgesloten Aansprakelijkheid U.A. (ECO) wekt voor haar leden sinds 2020 elektrische energie op met twee projecten:<\/p>\n<ol>\n<li>Een zonnepark met 360 panelen op het terrein aan de Eekstraat 14T.<\/li>\n<li>Het zonnedak met ca. 200 panelen op het bedrijf van de firma &nbsp;Kok aan de Benten 6.<\/li>\n<\/ol>\n<p>De leden van ECO leveren hiermee een mooie bijdrage aan de verduurzaming van ons dorp.<\/p>\n\n\n\n<div style=\"height:30px\" aria-hidden=\"true\" class=\"wp-block-spacer\"><\/div>\n\n\n<style>.wp-block-kadence-advancedheading.kt-adv-heading2686_73372d-14, .wp-block-kadence-advancedheading.kt-adv-heading2686_73372d-14[data-kb-block=\"kb-adv-heading2686_73372d-14\"]{font-weight:normal;font-style:normal;color:#009933;}.wp-block-kadence-advancedheading.kt-adv-heading2686_73372d-14 mark.kt-highlight, .wp-block-kadence-advancedheading.kt-adv-heading2686_73372d-14[data-kb-block=\"kb-adv-heading2686_73372d-14\"] mark.kt-highlight{font-weight:normal;font-style:normal;color:#f76a0c;-webkit-box-decoration-break:clone;box-decoration-break:clone;padding-top:0px;padding-right:0px;padding-bottom:0px;padding-left:0px;}.wp-block-kadence-advancedheading.kt-adv-heading2686_73372d-14 img.kb-inline-image, .wp-block-kadence-advancedheading.kt-adv-heading2686_73372d-14[data-kb-block=\"kb-adv-heading2686_73372d-14\"] img.kb-inline-image{width:150px;vertical-align:baseline;}<\/style>\n<h5 class=\"kt-adv-heading2686_73372d-14 wp-block-kadence-advancedheading\" data-kb-block=\"kb-adv-heading2686_73372d-14\"><img loading=\"lazy\" decoding=\"async\" width=\"28\" height=\"26\" class=\"wp-image-584\" style=\"width: 28px;\" src=\"https:\/\/ecoldemarkt.nl\/wp-content\/uploads\/2018\/06\/180603-ECO-puntlogo-eco-e1528032667743.jpg\" alt=\"\"><span class=\"tadv-color\" style=\"color:#009933\"> <\/span>Hoe werkt het<\/h5>\n\n\n\n<p>De Energie Co\u00f6peratie Oldemarkt U.A. verzorgt de aanschaf, montage, het beheer, het onderhoud, de verzekering van de zonne-installatie op een geschikte locatie, regelt de aansluiting op het elektriciteitsnet en sluit contracten af voor het onderhoud van de installatie en de verkoop van de opgewekte elektriciteit. Ook verzorgt ECO de administratie en organiseert zij informatiebijeenkomsten en de jaarvergaderingen voor de leden.<\/p>\n<p>Alle leden hebben een bedrag betaald voor de aanschaf van de zonne-energie installatie door de aankoop van deelnamecertificaten.<br \/>Met dit bedrag is de voorbereiding, de aanschaf, de montage en de aansluiting en de inbedrijfstelling van de installatie betaald.<\/p>\n<p>De zonne-installatie is eigendom van ECO en haar leden zijn samen \u2018eigenaar\u2019 van de co\u00f6peratie; elk lid heeft \u00e9\u00e9n stem. De leden beslissen over te maken keuzes en kiezen nieuwe bestuursleden als de zittingstermijn is verlopen.<\/p>\n<p>Kosten voor bijvoorbeeld het onderhoud, de verzekering, huur van de locatie worden gedurende de gehele looptijd van 15 jaar betaald uit de opbrengsten van de verkoop van de opgewekte elektrische energie (kWh). Als aan het eind van de looptijd geld in kas resteert, keert ECO dit uit aan de deelnemers van het project.<\/p>\n<p>Belangrijk: Alle inkomsten komen ten goede aan het project. De bestuursleden zetten zich vrijwillig in voor het project. Zij ontvangen geen vergoeding.<\/p>\n<p>Vragen van leden over de werking van de energieco\u00f6peratie zijn samen met de antwoorden verzameld en kan je lezen op: <span style=\"color: #99cc00;\">&lt;<a style=\"color: #99cc00;\" href=\"https:\/\/ecoldemarkt.nl\/?page_id=106\" target=\"_blank\" rel=\"noreferrer noopener\" data-type=\"page\" data-id=\"106\">Veel gestelde vragen<\/a>&gt;<\/span><\/p>\n\n\n\n<div style=\"height:33px\" aria-hidden=\"true\" class=\"wp-block-spacer\"><\/div>\n\n\n<style>.wp-block-kadence-advancedheading.kt-adv-heading2686_023c3a-fc, .wp-block-kadence-advancedheading.kt-adv-heading2686_023c3a-fc[data-kb-block=\"kb-adv-heading2686_023c3a-fc\"]{font-weight:normal;font-style:normal;color:#009933;}.wp-block-kadence-advancedheading.kt-adv-heading2686_023c3a-fc mark.kt-highlight, .wp-block-kadence-advancedheading.kt-adv-heading2686_023c3a-fc[data-kb-block=\"kb-adv-heading2686_023c3a-fc\"] mark.kt-highlight{font-weight:normal;font-style:normal;color:#f76a0c;-webkit-box-decoration-break:clone;box-decoration-break:clone;padding-top:0px;padding-right:0px;padding-bottom:0px;padding-left:0px;}.wp-block-kadence-advancedheading.kt-adv-heading2686_023c3a-fc img.kb-inline-image, .wp-block-kadence-advancedheading.kt-adv-heading2686_023c3a-fc[data-kb-block=\"kb-adv-heading2686_023c3a-fc\"] img.kb-inline-image{width:150px;vertical-align:baseline;}<\/style>\n<h5 class=\"kt-adv-heading2686_023c3a-fc wp-block-kadence-advancedheading\" data-kb-block=\"kb-adv-heading2686_023c3a-fc\"><img loading=\"lazy\" decoding=\"async\" width=\"28\" height=\"26\" class=\"wp-image-584\" style=\"width: 28px;\" src=\"https:\/\/ecoldemarkt.nl\/wp-content\/uploads\/2018\/06\/180603-ECO-puntlogo-eco-e1528032667743.jpg\" alt=\"\"><span class=\"tadv-color\" style=\"color:#009933\"> <\/span>Overdraagbaarheid certificaten<\/h5>\n\n\n\n<p>Als daarvoor een dringende reden is, kunnen certificaten worden overgedragen aan medeleden of aan derden die woonachtig zijn binnen het aangewezen postcoderoosgebied (PCR). Overdracht kan een lid uitsluitend op eigen initiatief uitvoeren en uitsluitend met instemming van het bestuur van ECO. Per transactie rekent ECO\u00a0 \u00a0 \u20ac 100,- administratiekosten.<\/p>\n<p>Dringende redenen om certificaten te verkopen zijn verhuizing buiten PCR-gebied of overlijden. Aan een wens om certificaten om andere redenen te<br \/>verkopen werkt het bestuur niet mee. Zie hiervoor ook\u00a0 artikel 5 van de statuten &#8220;Overdracht van het lidmaatschap inclusief de certificaten&#8221;:<br \/><em>1. Het lidmaatschap van de co\u00f6peratie is slechts met voorafgaande schriftelijke goedkeuring van het bestuur voor overdracht vatbaar. De overdracht van een lidmaatschap houdt tevens in een overdracht van alle certificaten gehouden door het desbetreffende lid.<\/em><\/p>\n<p>Bij overdracht certificaten in geval van overlijden zijn de erfgenamen primair verantwoordelijk voor verkoop van de certificaten, waarbij de co\u00f6peratie zoveel mogelijk support geeft (bv door het in contact brengen van erfgenamen met bij ECO bekende belangstellenden). ECO neemt de certificaten niet zelf over, omdat dan feitelijk de zittende leden die certificaten ieder voor een deel overnemen, zonder dat daar rendement tegenover staat.<\/p>\n\n\n\n<div style=\"height:34px\" aria-hidden=\"true\" class=\"wp-block-spacer\"><\/div>\n\n\n<style>.wp-block-kadence-advancedheading.kt-adv-heading2686_ab4bbd-be, .wp-block-kadence-advancedheading.kt-adv-heading2686_ab4bbd-be[data-kb-block=\"kb-adv-heading2686_ab4bbd-be\"]{font-weight:normal;font-style:normal;color:#009933;}.wp-block-kadence-advancedheading.kt-adv-heading2686_ab4bbd-be mark.kt-highlight, .wp-block-kadence-advancedheading.kt-adv-heading2686_ab4bbd-be[data-kb-block=\"kb-adv-heading2686_ab4bbd-be\"] mark.kt-highlight{font-weight:normal;font-style:normal;color:#f76a0c;-webkit-box-decoration-break:clone;box-decoration-break:clone;padding-top:0px;padding-right:0px;padding-bottom:0px;padding-left:0px;}.wp-block-kadence-advancedheading.kt-adv-heading2686_ab4bbd-be img.kb-inline-image, .wp-block-kadence-advancedheading.kt-adv-heading2686_ab4bbd-be[data-kb-block=\"kb-adv-heading2686_ab4bbd-be\"] img.kb-inline-image{width:150px;vertical-align:baseline;}<\/style>\n<h5 class=\"kt-adv-heading2686_ab4bbd-be wp-block-kadence-advancedheading\" data-kb-block=\"kb-adv-heading2686_ab4bbd-be\"><img loading=\"lazy\" decoding=\"async\" width=\"28\" height=\"26\" class=\"wp-image-584\" style=\"width: 28px;\" src=\"https:\/\/ecoldemarkt.nl\/wp-content\/uploads\/2018\/06\/180603-ECO-puntlogo-eco-e1528032667743.jpg\" alt=\"\"><span class=\"tadv-color\" style=\"color:#009933\"> <\/span>Samenwerking met Energie Van Ons<\/h5>\n\n\n\n<p>ECO is, na een zorgvuldige voorselectie, destijds een samenwerking aangegaan met de co\u00f6peratie\u00a0<strong>Energie Van Ons<\/strong>, afgekort EVO.<br \/>Energie Van Ons: als gezamenlijke energieleverancier en -afnemer. EVO:<br \/>\u2013 hanteert marktconforme tarieven en is bij vragen goed benaderbaar<br \/>\u2013 is al jaren de duurzame voorloper onder de energieleveranciers<br \/>\u2013 levert echt lokale energie<br \/>\u2013 wordt gerund door de leden voor de leden.<\/p>\n<p>ECO ontvangt voor haar afnemers een jaarlijkse klantvergoeding.<br \/><br \/><\/p>\n\n\n\n<div style=\"height:34px\" aria-hidden=\"true\" class=\"wp-block-spacer\"><\/div>\n\n\n<style>.wp-block-kadence-advancedheading.kt-adv-heading2686_97c80d-03, .wp-block-kadence-advancedheading.kt-adv-heading2686_97c80d-03[data-kb-block=\"kb-adv-heading2686_97c80d-03\"]{font-weight:normal;font-style:normal;color:#009933;}.wp-block-kadence-advancedheading.kt-adv-heading2686_97c80d-03 mark.kt-highlight, .wp-block-kadence-advancedheading.kt-adv-heading2686_97c80d-03[data-kb-block=\"kb-adv-heading2686_97c80d-03\"] mark.kt-highlight{font-weight:normal;font-style:normal;color:#f76a0c;-webkit-box-decoration-break:clone;box-decoration-break:clone;padding-top:0px;padding-right:0px;padding-bottom:0px;padding-left:0px;}.wp-block-kadence-advancedheading.kt-adv-heading2686_97c80d-03 img.kb-inline-image, .wp-block-kadence-advancedheading.kt-adv-heading2686_97c80d-03[data-kb-block=\"kb-adv-heading2686_97c80d-03\"] img.kb-inline-image{width:150px;vertical-align:baseline;}<\/style>\n<h5 class=\"kt-adv-heading2686_97c80d-03 wp-block-kadence-advancedheading\" data-kb-block=\"kb-adv-heading2686_97c80d-03\"><img loading=\"lazy\" decoding=\"async\" width=\"28\" height=\"26\" class=\"wp-image-584\" style=\"width: 28px;\" src=\"https:\/\/ecoldemarkt.nl\/wp-content\/uploads\/2018\/06\/180603-ECO-puntlogo-eco-e1528032667743.jpg\" alt=\"\"><span class=\"tadv-color\" style=\"color:#009933\"> <\/span>Verkoop opgewekte elektriciteit<\/h5>\n\n\n\n<p>De opgewekte elektriciteit van het zonnepark en van het zonnedak wordt door ECO verkocht aan Energie Van Ons. De energiemarkt is sterk in beweging door veel stroomaanbod of juist weinig elektriciteitsaanbod. Het gevolg is netcongestie en daardoor sterk wisselende uurtarieven. Om deze reden is het niet makkelijk om gemakkelijk een goed tarief betaald te krijgen uit de opgewekte stroom van ons zonneveld en zonnedak. Het bestuur van ECO zoekt steeds naar oplossingen, om de opbrengsten te optimaliseren. Op korte termijn hopen we de stroom rechtstreeks te kunnen verkopen aan lokale afnemers in het dorp, tegen een vast en lager tarief dan reguliere aanbieders. Ook denken we nog steeds na over stroomopslag. Zodra stroomopslag beschikbaar en betaalbaar is, zullen we -in samenspraak met de leden- stappen ondernemen.<\/p>\n\n\n\n<div style=\"height:34px\" aria-hidden=\"true\" class=\"wp-block-spacer\"><\/div>\n\n\n<style>.wp-block-kadence-advancedheading.kt-adv-heading2686_43c2c5-b3, .wp-block-kadence-advancedheading.kt-adv-heading2686_43c2c5-b3[data-kb-block=\"kb-adv-heading2686_43c2c5-b3\"]{font-weight:normal;font-style:normal;color:#009933;}.wp-block-kadence-advancedheading.kt-adv-heading2686_43c2c5-b3 mark.kt-highlight, .wp-block-kadence-advancedheading.kt-adv-heading2686_43c2c5-b3[data-kb-block=\"kb-adv-heading2686_43c2c5-b3\"] mark.kt-highlight{font-weight:normal;font-style:normal;color:#f76a0c;-webkit-box-decoration-break:clone;box-decoration-break:clone;padding-top:0px;padding-right:0px;padding-bottom:0px;padding-left:0px;}.wp-block-kadence-advancedheading.kt-adv-heading2686_43c2c5-b3 img.kb-inline-image, .wp-block-kadence-advancedheading.kt-adv-heading2686_43c2c5-b3[data-kb-block=\"kb-adv-heading2686_43c2c5-b3\"] img.kb-inline-image{width:150px;vertical-align:baseline;}<\/style>\n<h5 class=\"kt-adv-heading2686_43c2c5-b3 wp-block-kadence-advancedheading\" data-kb-block=\"kb-adv-heading2686_43c2c5-b3\"><img loading=\"lazy\" decoding=\"async\" width=\"28\" height=\"26\" class=\"wp-image-584\" style=\"width: 28px;\" src=\"https:\/\/ecoldemarkt.nl\/wp-content\/uploads\/2018\/06\/180603-ECO-puntlogo-eco-e1528032667743.jpg\" alt=\"\"><span class=\"tadv-color\" style=\"color:#009933\"> <\/span>Meer informatie nodig?<\/h5>\n\n\n\n<p>Als u wilt deelnemen, wordt dan lid van onze co\u00f6peratie. Neem daarvoor contact op met onze secretaris: <span style=\"color: #009933;\"><a style=\"color: #009933;\" href=\"mailto:secretaris@ecoldemarkt.nl\">secretaris@ecoldemarkt.nl<\/a><\/span>.<\/p>\n<p>Het is niet meer mogelijk om in te schrijven voor deelname aan de eerste en de tweede tranche. Iedereen, die zich nu opgeeft, wordt op een wachtlijst geplaatst. Als er voldoende belangstelling is voor een uitbreiding van het aantal panelen wordt mogelijk een derde tranche opgestart.<\/p>\n\n\n\n<div style=\"height:30px\" aria-hidden=\"true\" class=\"wp-block-spacer\"><\/div>\n","protected":false},"excerpt":{"rendered":"<p>Inleiding Energie Co\u00f6peratie Oldemarkt Uitgesloten Aansprakelijkheid U.A. (ECO) wekt voor haar leden sinds 2020 elektrische energie op met twee projecten: Een zonnepark met 360 panelen op het terrein aan de Eekstraat 14T. Het zonnedak met ca. 200 panelen op het<a class=\"more-link\" href=\"https:\/\/ecoldemarkt.nl\/?page_id=2686\" title=\"PROJECTEN\"><span>Lees verder<\/span><\/a><\/p>\n","protected":false},"author":1,"featured_media":0,"parent":0,"menu_order":0,"comment_status":"closed","ping_status":"closed","template":"","meta":{"_monsterinsights_skip_tracking":false,"_monsterinsights_sitenote_active":false,"_monsterinsights_sitenote_note":"","_monsterinsights_sitenote_category":0,"footnotes":""},"class_list":["post-2686","page","type-page","status-publish","hentry"],"_links":{"self":[{"href":"https:\/\/ecoldemarkt.nl\/index.php?rest_route=\/wp\/v2\/pages\/2686","targetHints":{"allow":["GET"]}}],"collection":[{"href":"https:\/\/ecoldemarkt.nl\/index.php?rest_route=\/wp\/v2\/pages"}],"about":[{"href":"https:\/\/ecoldemarkt.nl\/index.php?rest_route=\/wp\/v2\/types\/page"}],"author":[{"embeddable":true,"href":"https:\/\/ecoldemarkt.nl\/index.php?rest_route=\/wp\/v2\/users\/1"}],"replies":[{"embeddable":true,"href":"https:\/\/ecoldemarkt.nl\/index.php?rest_route=%2Fwp%2Fv2%2Fcomments&post=2686"}],"version-history":[{"count":34,"href":"https:\/\/ecoldemarkt.nl\/index.php?rest_route=\/wp\/v2\/pages\/2686\/revisions"}],"predecessor-version":[{"id":3425,"href":"https:\/\/ecoldemarkt.nl\/index.php?rest_route=\/wp\/v2\/pages\/2686\/revisions\/3425"}],"wp:attachment":[{"href":"https:\/\/ecoldemarkt.nl\/index.php?rest_route=%2Fwp%2Fv2%2Fmedia&parent=2686"}],"curies":[{"name":"wp","href":"https:\/\/api.w.org\/{rel}","templated":true}]}}