{"id":2657,"date":"2024-01-06T13:24:26","date_gmt":"2024-01-06T13:24:26","guid":{"rendered":"https:\/\/ecoldemarkt.nl\/?page_id=2657"},"modified":"2025-07-31T12:21:47","modified_gmt":"2025-07-31T12:21:47","slug":"nieuws-2021","status":"publish","type":"page","link":"https:\/\/ecoldemarkt.nl\/?page_id=2657","title":{"rendered":"Berichten 2021"},"content":{"rendered":"<style>.wp-block-kadence-advancedheading.kt-adv-heading2657_bf3550-46, .wp-block-kadence-advancedheading.kt-adv-heading2657_bf3550-46[data-kb-block=\"kb-adv-heading2657_bf3550-46\"]{font-style:normal;color:#009933;}.wp-block-kadence-advancedheading.kt-adv-heading2657_bf3550-46 mark.kt-highlight, .wp-block-kadence-advancedheading.kt-adv-heading2657_bf3550-46[data-kb-block=\"kb-adv-heading2657_bf3550-46\"] mark.kt-highlight{font-style:normal;color:#f76a0c;-webkit-box-decoration-break:clone;box-decoration-break:clone;padding-top:0px;padding-right:0px;padding-bottom:0px;padding-left:0px;}.wp-block-kadence-advancedheading.kt-adv-heading2657_bf3550-46 img.kb-inline-image, .wp-block-kadence-advancedheading.kt-adv-heading2657_bf3550-46[data-kb-block=\"kb-adv-heading2657_bf3550-46\"] img.kb-inline-image{width:150px;vertical-align:baseline;}<\/style>\n<h5 class=\"kt-adv-heading2657_bf3550-46 wp-block-kadence-advancedheading\" data-kb-block=\"kb-adv-heading2657_bf3550-46\"><img decoding=\"async\" src=\"https:\/\/ecoldemarkt.nl\/wp-content\/uploads\/2018\/06\/180603-ECO-puntlogo-eco-e1528032667743.jpg\" alt=\"\"> &nbsp;Verkenning mogelijkheid kleine windmolen op De Boterberg afgerond<\/h5>\n\n\n\n<p><img loading=\"lazy\" decoding=\"async\" class=\"size-full wp-image-2560 alignright\" src=\"https:\/\/ecoldemarkt.nl\/wp-content\/uploads\/2022\/02\/windmolen.jpg\" alt=\"\" width=\"259\" height=\"194\">Vanaf het derde kwartaal 2021 heeft het ECO-bestuur de mogelijkheden onderzocht van het plaatsen van een kleine windmolen op het zonnepark de Boterberg. Er is gekeken naar draagvlak, planologische haalbaarheid en naar financi\u00eble haalbaarheid.<\/p>\n\n\n\n<ol style=\"list-style-type:1\" class=\"wp-block-list\">\n<li>Het ECO-bestuur hecht veel belang aan draagvlak. Daarom is met de direct omwonenden gesproken. Die eerste verkenning leverde een voorzichtig positieve reactie op. De volgende stappen zouden bestaan uit contact met de bewoners van de Krukmansveldweg. Als ook daar een voorzichtig positieve reactie zou zijn, zou de volgende stap bestaan uit een excursie naar een locatie waar al een kleine windmolen draait. Zelf uit de eerste hand ervaren is tenslotte belangrijk.<\/li>\n\n\n\n<li>Planologisch is een kleine windmolen met een maximale hoogte van 28 meter op het zonnepark mogelijk zonder verdere procedures, omdat de gemeente in februari 2022 een &#8220;beleidskader plaatsing van kleine windmolens&#8221; heeft vastgesteld.<\/li>\n\n\n\n<li>De combinatie van wind- en zonne-energie is interessant: in periodes met weinig zon wekt een windmolen energie op (en omgekeerd). Daarnaast wordt gebruik gemaakt van wat wel &#8220;&#8221;cable-pooling&#8221; wordt genoemd. De technische infrastructuur is al op het zonnepark aanwezig is (kabels, omvormers, transformator etc.) en hoeft dus niet opnieuw te worden aangeschaft. Er is -samen met met een deskundige op het vlak van windenergie- gekeken naar de haalbaarheid van plaatsing van een windmolen in financi\u00eble zin. De rekensom levert op dat voor ieder kilowatt uur elektriciteit die met een kleine windmolen wordt opgewekt, uiteindelijk ongeveer tweemaal zoveel ge\u00efnvesteerd moet worden ten opzichte van opwek met zonnepanelen.<\/li>\n<\/ol>\n\n\n\n<p><strong>Conclusies: <\/strong><\/p>\n\n\n\n<p>ECO sluit de <strong>verkenning <\/strong>van de mogelijkheden van opwekking van stroom met een windmolen af. <br>Verder onderzoek naar de belangstelling van bestaande of nieuwe ECO leden om hierin te investeren zal dus niet worden gestart.<\/p>\n\n\n\n<div style=\"height:31px\" aria-hidden=\"true\" class=\"wp-block-spacer\"><\/div>\n\n\n<style>.wp-block-kadence-advancedheading.kt-adv-heading2657_454bc6-e8, .wp-block-kadence-advancedheading.kt-adv-heading2657_454bc6-e8[data-kb-block=\"kb-adv-heading2657_454bc6-e8\"]{font-style:normal;color:#009933;}.wp-block-kadence-advancedheading.kt-adv-heading2657_454bc6-e8 mark.kt-highlight, .wp-block-kadence-advancedheading.kt-adv-heading2657_454bc6-e8[data-kb-block=\"kb-adv-heading2657_454bc6-e8\"] mark.kt-highlight{font-style:normal;color:#f76a0c;-webkit-box-decoration-break:clone;box-decoration-break:clone;padding-top:0px;padding-right:0px;padding-bottom:0px;padding-left:0px;}.wp-block-kadence-advancedheading.kt-adv-heading2657_454bc6-e8 img.kb-inline-image, .wp-block-kadence-advancedheading.kt-adv-heading2657_454bc6-e8[data-kb-block=\"kb-adv-heading2657_454bc6-e8\"] img.kb-inline-image{width:150px;vertical-align:baseline;}<\/style>\n<h5 class=\"kt-adv-heading2657_454bc6-e8 wp-block-kadence-advancedheading\" data-kb-block=\"kb-adv-heading2657_454bc6-e8\"><img decoding=\"async\" src=\"https:\/\/ecoldemarkt.nl\/wp-content\/uploads\/2018\/06\/180603-ECO-puntlogo-eco-e1528032667743.jpg\" alt=\"\"> &nbsp;Interview met onze voorzitter over zonnepark De Boterberg<\/h5>\n\n\n\n<p>Onze voorzitter Hans Schiphorst gaf begin september 2021 een interview aan Hier Opgewekt over de geslaagde samenwerking van ECO met de gemeente. Het artikel is te lezen op de website, zie: <a href=\"https:\/\/www.hieropgewekt.nl\/kennisdossiers\/zonnepark-boterberg-geslaagde-samenwerking-tussen-gemeente-en-energiecooperatie#inhetkort\" target=\"_blank\" rel=\"noopener\">Zonnepark de Boterberg: geslaagde samenwerking tussen gemeente en energieco\u00f6peratie | HIER opgewekt.<\/a><\/p>\n\n\n\n<div style=\"height:31px\" aria-hidden=\"true\" class=\"wp-block-spacer\"><\/div>\n\n\n<style>.wp-block-kadence-advancedheading.kt-adv-heading2657_6806d1-b9, .wp-block-kadence-advancedheading.kt-adv-heading2657_6806d1-b9[data-kb-block=\"kb-adv-heading2657_6806d1-b9\"]{font-style:normal;color:#009933;}.wp-block-kadence-advancedheading.kt-adv-heading2657_6806d1-b9 mark.kt-highlight, .wp-block-kadence-advancedheading.kt-adv-heading2657_6806d1-b9[data-kb-block=\"kb-adv-heading2657_6806d1-b9\"] mark.kt-highlight{font-style:normal;color:#f76a0c;-webkit-box-decoration-break:clone;box-decoration-break:clone;padding-top:0px;padding-right:0px;padding-bottom:0px;padding-left:0px;}.wp-block-kadence-advancedheading.kt-adv-heading2657_6806d1-b9 img.kb-inline-image, .wp-block-kadence-advancedheading.kt-adv-heading2657_6806d1-b9[data-kb-block=\"kb-adv-heading2657_6806d1-b9\"] img.kb-inline-image{width:150px;vertical-align:baseline;}<\/style>\n<h5 class=\"kt-adv-heading2657_6806d1-b9 wp-block-kadence-advancedheading\" data-kb-block=\"kb-adv-heading2657_6806d1-b9\"><img decoding=\"async\" src=\"https:\/\/ecoldemarkt.nl\/wp-content\/uploads\/2018\/06\/180603-ECO-puntlogo-eco-e1528032667743.jpg\" alt=\"\"> &nbsp;Succesvolle natuurbeheerdag op zonnepark de Boterberg<\/h5>\n\n\n\n<p>Op zaterdag 26 juni 2021 zijn zo\u2019n 10 leden van de Energie Co\u00f6peratie Oldemarkt als vrijwilliger aan de slaag gegaan met het wiersen (met een hooihark op een rij leggen van gemaaid gras). Na het wiersen werd het hooi tot balen geperst. Door het maaien en afvoeren van het gras zorgen we er niet alleen voor dat op het zonnepark duurzame energie wordt opgewekt, maar \u00f3\u00f3k voor een toename van de biodiversiteit!<\/p>\n<p>Een succesvolle ochtend met een bekertje koffie en een lunch met broodjes en soep. Voor herhaling vatbaar en dat gaat gebeuren!: eind augustus wordt het terrein voor de tweede keer dit jaar gemaaid, waarna we opnieuw met de groep vrijwilligers aan de slag gaan.<\/p>\n<p>&nbsp;<\/p>\n\n\n\n<figure class=\"wp-block-gallery has-nested-images columns-default is-cropped wp-block-gallery-1 is-layout-flex wp-block-gallery-is-layout-flex\">\n<figure class=\"wp-block-image size-medium\"><img loading=\"lazy\" decoding=\"async\" width=\"300\" height=\"225\" data-id=\"2543\" src=\"https:\/\/ecoldemarkt.nl\/wp-content\/uploads\/2021\/07\/wiersen-1-300x225.jpg\" alt=\"\" class=\"wp-image-2543\" srcset=\"https:\/\/ecoldemarkt.nl\/wp-content\/uploads\/2021\/07\/wiersen-1-300x225.jpg 300w, https:\/\/ecoldemarkt.nl\/wp-content\/uploads\/2021\/07\/wiersen-1-1024x768.jpg 1024w, https:\/\/ecoldemarkt.nl\/wp-content\/uploads\/2021\/07\/wiersen-1-768x576.jpg 768w, https:\/\/ecoldemarkt.nl\/wp-content\/uploads\/2021\/07\/wiersen-1-1536x1152.jpg 1536w, https:\/\/ecoldemarkt.nl\/wp-content\/uploads\/2021\/07\/wiersen-1-2048x1536.jpg 2048w\" sizes=\"auto, (max-width: 300px) 100vw, 300px\" \/><\/figure>\n\n\n\n<figure class=\"wp-block-image size-medium\"><img loading=\"lazy\" decoding=\"async\" width=\"225\" height=\"300\" data-id=\"2544\" src=\"https:\/\/ecoldemarkt.nl\/wp-content\/uploads\/2021\/07\/wiersen-2-225x300.jpg\" alt=\"\" class=\"wp-image-2544\" srcset=\"https:\/\/ecoldemarkt.nl\/wp-content\/uploads\/2021\/07\/wiersen-2-225x300.jpg 225w, https:\/\/ecoldemarkt.nl\/wp-content\/uploads\/2021\/07\/wiersen-2-768x1024.jpg 768w, https:\/\/ecoldemarkt.nl\/wp-content\/uploads\/2021\/07\/wiersen-2-1152x1536.jpg 1152w, https:\/\/ecoldemarkt.nl\/wp-content\/uploads\/2021\/07\/wiersen-2-1536x2048.jpg 1536w, https:\/\/ecoldemarkt.nl\/wp-content\/uploads\/2021\/07\/wiersen-2-scaled.jpg 1920w\" sizes=\"auto, (max-width: 225px) 100vw, 225px\" \/><\/figure>\n\n\n\n<figure class=\"wp-block-image size-medium\"><img loading=\"lazy\" decoding=\"async\" width=\"225\" height=\"300\" data-id=\"2546\" src=\"https:\/\/ecoldemarkt.nl\/wp-content\/uploads\/2021\/07\/wiersen-3-225x300.jpg\" alt=\"\" class=\"wp-image-2546\" srcset=\"https:\/\/ecoldemarkt.nl\/wp-content\/uploads\/2021\/07\/wiersen-3-225x300.jpg 225w, https:\/\/ecoldemarkt.nl\/wp-content\/uploads\/2021\/07\/wiersen-3-768x1024.jpg 768w, https:\/\/ecoldemarkt.nl\/wp-content\/uploads\/2021\/07\/wiersen-3-1152x1536.jpg 1152w, https:\/\/ecoldemarkt.nl\/wp-content\/uploads\/2021\/07\/wiersen-3.jpg 1200w\" sizes=\"auto, (max-width: 225px) 100vw, 225px\" \/><\/figure>\n<\/figure>\n\n\n\n<div style=\"height:41px\" aria-hidden=\"true\" class=\"wp-block-spacer\"><\/div>\n\n\n<style>.wp-block-kadence-advancedheading.kt-adv-heading2657_855825-68, .wp-block-kadence-advancedheading.kt-adv-heading2657_855825-68[data-kb-block=\"kb-adv-heading2657_855825-68\"]{font-style:normal;color:#009933;}.wp-block-kadence-advancedheading.kt-adv-heading2657_855825-68 mark.kt-highlight, .wp-block-kadence-advancedheading.kt-adv-heading2657_855825-68[data-kb-block=\"kb-adv-heading2657_855825-68\"] mark.kt-highlight{font-style:normal;color:#f76a0c;-webkit-box-decoration-break:clone;box-decoration-break:clone;padding-top:0px;padding-right:0px;padding-bottom:0px;padding-left:0px;}.wp-block-kadence-advancedheading.kt-adv-heading2657_855825-68 img.kb-inline-image, .wp-block-kadence-advancedheading.kt-adv-heading2657_855825-68[data-kb-block=\"kb-adv-heading2657_855825-68\"] img.kb-inline-image{width:150px;vertical-align:baseline;}<\/style>\n<h5 class=\"kt-adv-heading2657_855825-68 wp-block-kadence-advancedheading\" data-kb-block=\"kb-adv-heading2657_855825-68\"><img decoding=\"async\" src=\"https:\/\/ecoldemarkt.nl\/wp-content\/uploads\/2018\/06\/180603-ECO-puntlogo-eco-e1528032667743.jpg\" alt=\"\"> &nbsp;Energiecoaches in Steenwijkerland<\/h5>\n\n\n\n<p><img loading=\"lazy\" decoding=\"async\" class=\"size-full wp-image-2527 alignleft\" src=\"https:\/\/ecoldemarkt.nl\/wp-content\/uploads\/2021\/05\/logo-SWL.png\" alt=\"\" width=\"300\" height=\"119\">Wilt u ook energie en dus geld besparen? Steenwijkerland helpt u op weg met een gratis adviesgesprek met een energiecoach. De energiecoach is een onafhankelijke vrijwilliger die u graag helpt met het besparen van energie. Dat is goed voor uw portemonnee en het milieu profiteert er ook van! Maak een afspraak met een energiecoach wanneer het u goed uitkomt. Samen wordt dan gekeken naar uw persoonlijke situatie en krijgt u slimme en betaalbare tips over hoe u energie kunt besparen in uw woning.<\/p>\n<p>Ook een gratis adviesgesprek? Vul dan dit aanmeldingsformulier in: <a href=\"https:\/\/duurzaamsteenwijkerland.nl\/energiecoaches\/?fbclid=IwAR2IILNlnEnT3suYBRtyg0F57USSa0hcjQjfj7KWpnqbRUfYHkxCtJbG5TU\">https:\/\/duurzaamsteenwijkerland.nl\/energiecoaches\/<\/a><\/p>\n\n\n\n<div style=\"height:41px\" aria-hidden=\"true\" class=\"wp-block-spacer\"><\/div>\n\n\n<style>.wp-block-kadence-advancedheading.kt-adv-heading2657_5ec1a1-c7, .wp-block-kadence-advancedheading.kt-adv-heading2657_5ec1a1-c7[data-kb-block=\"kb-adv-heading2657_5ec1a1-c7\"]{font-style:normal;color:#009933;}.wp-block-kadence-advancedheading.kt-adv-heading2657_5ec1a1-c7 mark.kt-highlight, .wp-block-kadence-advancedheading.kt-adv-heading2657_5ec1a1-c7[data-kb-block=\"kb-adv-heading2657_5ec1a1-c7\"] mark.kt-highlight{font-style:normal;color:#f76a0c;-webkit-box-decoration-break:clone;box-decoration-break:clone;padding-top:0px;padding-right:0px;padding-bottom:0px;padding-left:0px;}.wp-block-kadence-advancedheading.kt-adv-heading2657_5ec1a1-c7 img.kb-inline-image, .wp-block-kadence-advancedheading.kt-adv-heading2657_5ec1a1-c7[data-kb-block=\"kb-adv-heading2657_5ec1a1-c7\"] img.kb-inline-image{width:150px;vertical-align:baseline;}<\/style>\n<h5 class=\"kt-adv-heading2657_5ec1a1-c7 wp-block-kadence-advancedheading\" data-kb-block=\"kb-adv-heading2657_5ec1a1-c7\"><img decoding=\"async\" src=\"https:\/\/ecoldemarkt.nl\/wp-content\/uploads\/2018\/06\/180603-ECO-puntlogo-eco-e1528032667743.jpg\" alt=\"\"> &nbsp;Sterke groei aantal (zonne)energie co\u00f6peraties<\/h5>\n\n\n\n<p>Jaarlijks wordt door de Klimaatstichting HIER de Lokale Energie Monitor gepubliceerd. Begin februari 2021 werd voor de zesde keer een landelijk overzicht gegeven van de ontwikkeling van energie co\u00f6peraties.<\/p>\n<p><img loading=\"lazy\" decoding=\"async\" class=\" wp-image-2510 alignleft\" src=\"https:\/\/ecoldemarkt.nl\/wp-content\/uploads\/2021\/03\/Grafiek-ontwikkeling-E-coop-per-jaar-300x183.png\" alt=\"\" width=\"408\" height=\"249\" srcset=\"https:\/\/ecoldemarkt.nl\/wp-content\/uploads\/2021\/03\/Grafiek-ontwikkeling-E-coop-per-jaar-300x183.png 300w, https:\/\/ecoldemarkt.nl\/wp-content\/uploads\/2021\/03\/Grafiek-ontwikkeling-E-coop-per-jaar.png 569w\" sizes=\"auto, (max-width: 408px) 100vw, 408px\" \/>De cijfers liegen er niet om. De groei blijft doorzetten, qua aantallen, qua opgesteld vermogen en qua aantal betrokken burgers. Inmiddels vormen de initiatieven een vrijwel landelijk dekkend netwerk! 95% van de inwoners van Nederland woont in een gemeente waar een energie co\u00f6peratie actief is. In Steenwijkerland zijn er dat -inclusief de Energie Co\u00f6peratie Oldemarkt- inmiddels acht! En dat is goed nieuws omdat energieco\u00f6peraties van essentieel belang zijn voor het draagvlak voor duurzame energie. In het Klimaatakkoord is afgesproken dat bij de ontwikkeling van duurzame energie initiatieven wordt gestreefd naar 50% lokaal eigendom van ieder nieuw project.<\/p>\n<p>Meer weten over de Lokale Energie Monitor 2020? Klik dan op <a href=\"https:\/\/www.hieropgewekt.nl\/lokale-energie-monitor\" target=\"_blank\" rel=\"noopener\">Lokale Energie Monitor 2020 | HIER opgewekt.<\/a><\/p>\n\n\n\n<div style=\"height:20px\" aria-hidden=\"true\" class=\"wp-block-spacer\"><\/div>\n\n\n<style>.wp-block-kadence-advancedheading.kt-adv-heading2657_29f1e4-d5, .wp-block-kadence-advancedheading.kt-adv-heading2657_29f1e4-d5[data-kb-block=\"kb-adv-heading2657_29f1e4-d5\"]{font-style:normal;color:#009933;}.wp-block-kadence-advancedheading.kt-adv-heading2657_29f1e4-d5 mark.kt-highlight, .wp-block-kadence-advancedheading.kt-adv-heading2657_29f1e4-d5[data-kb-block=\"kb-adv-heading2657_29f1e4-d5\"] mark.kt-highlight{font-style:normal;color:#f76a0c;-webkit-box-decoration-break:clone;box-decoration-break:clone;padding-top:0px;padding-right:0px;padding-bottom:0px;padding-left:0px;}.wp-block-kadence-advancedheading.kt-adv-heading2657_29f1e4-d5 img.kb-inline-image, .wp-block-kadence-advancedheading.kt-adv-heading2657_29f1e4-d5[data-kb-block=\"kb-adv-heading2657_29f1e4-d5\"] img.kb-inline-image{width:150px;vertical-align:baseline;}<\/style>\n<h5 class=\"kt-adv-heading2657_29f1e4-d5 wp-block-kadence-advancedheading\" data-kb-block=\"kb-adv-heading2657_29f1e4-d5\"><img decoding=\"async\" src=\"https:\/\/ecoldemarkt.nl\/wp-content\/uploads\/2018\/06\/180603-ECO-puntlogo-eco-e1528032667743.jpg\" alt=\"\"> &nbsp;Actie Urgenda: <strong>ZET &#8216;M OP 60<\/strong><\/h5>\n\n\n\n<p><img loading=\"lazy\" decoding=\"async\" class=\"alignleft\" src=\"https:\/\/zetmop60.nl\/wp-content\/uploads\/2020\/10\/test-1.png\" alt=\"Zet 'm op 60\" width=\"149\" height=\"53\">De meeste cv-ketels staan op de fabrieksinstelling van 80\u00baC, maar werken effici\u00ebnter op 60\u00baC. Deze snelle besparing scheelt veel gas, dus CO2. En dit zonder verlies van comfort en geen risico op een koude douche. Op initiatief van Urgenda is een actie gestart om cv-ketels af te stellen op 60 \u00baC.&nbsp;<\/p>\n<p>ECO ondersteunt v deze actie &#8220;<strong>ZET &#8216;M OP 60&#8243;<\/strong>. Via de website <a href=\"https:\/\/zetmop60.nl\" target=\"_blank\" rel=\"noopener\">https:\/\/zetmop60.nl<\/a> wordt uitgelegd hoe je dat zelf kunt doen.<\/p>\n\n\n\n<div style=\"height:20px\" aria-hidden=\"true\" class=\"wp-block-spacer\"><\/div>\n\n\n<style>.wp-block-kadence-advancedheading.kt-adv-heading2657_e6480d-65, .wp-block-kadence-advancedheading.kt-adv-heading2657_e6480d-65[data-kb-block=\"kb-adv-heading2657_e6480d-65\"]{font-style:normal;color:#009933;}.wp-block-kadence-advancedheading.kt-adv-heading2657_e6480d-65 mark.kt-highlight, .wp-block-kadence-advancedheading.kt-adv-heading2657_e6480d-65[data-kb-block=\"kb-adv-heading2657_e6480d-65\"] mark.kt-highlight{font-style:normal;color:#f76a0c;-webkit-box-decoration-break:clone;box-decoration-break:clone;padding-top:0px;padding-right:0px;padding-bottom:0px;padding-left:0px;}.wp-block-kadence-advancedheading.kt-adv-heading2657_e6480d-65 img.kb-inline-image, .wp-block-kadence-advancedheading.kt-adv-heading2657_e6480d-65[data-kb-block=\"kb-adv-heading2657_e6480d-65\"] img.kb-inline-image{width:150px;vertical-align:baseline;}<\/style>\n<h5 class=\"kt-adv-heading2657_e6480d-65 wp-block-kadence-advancedheading\" data-kb-block=\"kb-adv-heading2657_e6480d-65\"><img decoding=\"async\" src=\"https:\/\/ecoldemarkt.nl\/wp-content\/uploads\/2018\/06\/180603-ECO-puntlogo-eco-e1528032667743.jpg\" alt=\"\"> &nbsp;Zonnepark De Boterberg in film Duurzaamheid Steenwijkerland<\/h5>\n\n\n\n<figure id=\"attachment_2482\" aria-describedby=\"caption-attachment-2482\" style=\"width: 300px\" class=\"wp-caption alignleft\"><img loading=\"lazy\" decoding=\"async\" class=\"size-medium wp-image-2482\" src=\"https:\/\/ecoldemarkt.nl\/wp-content\/uploads\/2020\/12\/Zonnepark-met-dorp-2-300x200.jpg\" alt=\"\" width=\"300\" height=\"200\" srcset=\"https:\/\/ecoldemarkt.nl\/wp-content\/uploads\/2020\/12\/Zonnepark-met-dorp-2-300x200.jpg 300w, https:\/\/ecoldemarkt.nl\/wp-content\/uploads\/2020\/12\/Zonnepark-met-dorp-2-1024x683.jpg 1024w, https:\/\/ecoldemarkt.nl\/wp-content\/uploads\/2020\/12\/Zonnepark-met-dorp-2-768x512.jpg 768w, https:\/\/ecoldemarkt.nl\/wp-content\/uploads\/2020\/12\/Zonnepark-met-dorp-2-1536x1024.jpg 1536w, https:\/\/ecoldemarkt.nl\/wp-content\/uploads\/2020\/12\/Zonnepark-met-dorp-2-2048x1365.jpg 2048w, https:\/\/ecoldemarkt.nl\/wp-content\/uploads\/2020\/12\/Zonnepark-met-dorp-2-450x300.jpg 450w\" sizes=\"auto, (max-width: 300px) 100vw, 300px\" \/><figcaption id=\"caption-attachment-2482\" class=\"wp-caption-text\">Zonnepark De Boterberg \u00a9 Bas Media bv<\/figcaption><\/figure>\n<p>Steenwijkerland geeft in een filmpje van ca 11 minuten een terugblik over 2020 waarin meerdere duurzame projecten in beeld komen. E\u00e9n van de onderwerpen is zonnepark De Boterberg. Onze voorzitter Hans Schiphorst geeft in de film kort weer waar ECO mee bezig is. De film is beschikbaar op <a href=\"https:\/\/duurzaam-steenwijkerland.nl\" target=\"_blank\" rel=\"noopener noreferrer\">https:\/\/duurzaam-steenwijkerland.nl.<\/a><\/p>\n<p>Voor de film zijn ook opnames gemaakt met een drone, zie foto hiernaast.<\/p>\n\n\n\n<div style=\"height:20px\" aria-hidden=\"true\" class=\"wp-block-spacer\"><\/div>\n\n\n<style>.wp-block-kadence-advancedheading.kt-adv-heading2657_59989a-ee, .wp-block-kadence-advancedheading.kt-adv-heading2657_59989a-ee[data-kb-block=\"kb-adv-heading2657_59989a-ee\"]{font-style:normal;color:#009933;}.wp-block-kadence-advancedheading.kt-adv-heading2657_59989a-ee mark.kt-highlight, .wp-block-kadence-advancedheading.kt-adv-heading2657_59989a-ee[data-kb-block=\"kb-adv-heading2657_59989a-ee\"] mark.kt-highlight{font-style:normal;color:#f76a0c;-webkit-box-decoration-break:clone;box-decoration-break:clone;padding-top:0px;padding-right:0px;padding-bottom:0px;padding-left:0px;}.wp-block-kadence-advancedheading.kt-adv-heading2657_59989a-ee img.kb-inline-image, .wp-block-kadence-advancedheading.kt-adv-heading2657_59989a-ee[data-kb-block=\"kb-adv-heading2657_59989a-ee\"] img.kb-inline-image{width:150px;vertical-align:baseline;}<\/style>\n<h5 class=\"kt-adv-heading2657_59989a-ee wp-block-kadence-advancedheading\" data-kb-block=\"kb-adv-heading2657_59989a-ee\"><img decoding=\"async\" src=\"https:\/\/ecoldemarkt.nl\/wp-content\/uploads\/2018\/06\/180603-ECO-puntlogo-eco-e1528032667743.jpg\" alt=\"\"> &nbsp;Het DASHBOARD is online<\/h5>\n\n\n\n<p>Op het dashboard kan direct worden afgelezen hoeveel elektrische energie is opgewekt. Het dashboard wordt elk uur aan de laatste gegevens aangepast. Zie DASHBOARD. Voor een toelichting kunt u terecht op: Dashboard zonnestroommeter<\/p>\n\n\n\n<div style=\"height:20px\" aria-hidden=\"true\" class=\"wp-block-spacer\"><\/div>\n\n\n\n<figure class=\"wp-block-image size-large\"><img loading=\"lazy\" decoding=\"async\" width=\"1024\" height=\"669\" src=\"https:\/\/ecoldemarkt.nl\/wp-content\/uploads\/2020\/10\/toelichting-dashboardscherm-1024x669.jpg\" alt=\"\" class=\"wp-image-2436\" srcset=\"https:\/\/ecoldemarkt.nl\/wp-content\/uploads\/2020\/10\/toelichting-dashboardscherm-1024x669.jpg 1024w, https:\/\/ecoldemarkt.nl\/wp-content\/uploads\/2020\/10\/toelichting-dashboardscherm-300x196.jpg 300w, https:\/\/ecoldemarkt.nl\/wp-content\/uploads\/2020\/10\/toelichting-dashboardscherm-768x502.jpg 768w, https:\/\/ecoldemarkt.nl\/wp-content\/uploads\/2020\/10\/toelichting-dashboardscherm.jpg 1309w\" sizes=\"auto, (max-width: 1024px) 100vw, 1024px\" \/><\/figure>\n\n\n\n<div style=\"height:35px\" aria-hidden=\"true\" class=\"wp-block-spacer\"><\/div>\n","protected":false},"excerpt":{"rendered":"<p>&nbsp;Verkenning mogelijkheid kleine windmolen op De Boterberg afgerond Vanaf het derde kwartaal 2021 heeft het ECO-bestuur de mogelijkheden onderzocht van het plaatsen van een kleine windmolen op het zonnepark de Boterberg. Er is gekeken naar draagvlak, planologische haalbaarheid en naar<a class=\"more-link\" href=\"https:\/\/ecoldemarkt.nl\/?page_id=2657\" title=\"Berichten 2021\"><span>Lees verder<\/span><\/a><\/p>\n","protected":false},"author":1,"featured_media":0,"parent":0,"menu_order":0,"comment_status":"closed","ping_status":"closed","template":"","meta":{"_monsterinsights_skip_tracking":false,"_monsterinsights_sitenote_active":false,"_monsterinsights_sitenote_note":"","_monsterinsights_sitenote_category":0,"footnotes":""},"class_list":["post-2657","page","type-page","status-publish","hentry"],"_links":{"self":[{"href":"https:\/\/ecoldemarkt.nl\/index.php?rest_route=\/wp\/v2\/pages\/2657","targetHints":{"allow":["GET"]}}],"collection":[{"href":"https:\/\/ecoldemarkt.nl\/index.php?rest_route=\/wp\/v2\/pages"}],"about":[{"href":"https:\/\/ecoldemarkt.nl\/index.php?rest_route=\/wp\/v2\/types\/page"}],"author":[{"embeddable":true,"href":"https:\/\/ecoldemarkt.nl\/index.php?rest_route=\/wp\/v2\/users\/1"}],"replies":[{"embeddable":true,"href":"https:\/\/ecoldemarkt.nl\/index.php?rest_route=%2Fwp%2Fv2%2Fcomments&post=2657"}],"version-history":[{"count":5,"href":"https:\/\/ecoldemarkt.nl\/index.php?rest_route=\/wp\/v2\/pages\/2657\/revisions"}],"predecessor-version":[{"id":3224,"href":"https:\/\/ecoldemarkt.nl\/index.php?rest_route=\/wp\/v2\/pages\/2657\/revisions\/3224"}],"wp:attachment":[{"href":"https:\/\/ecoldemarkt.nl\/index.php?rest_route=%2Fwp%2Fv2%2Fmedia&parent=2657"}],"curies":[{"name":"wp","href":"https:\/\/api.w.org\/{rel}","templated":true}]}}