{"id":2632,"date":"2024-01-06T11:08:45","date_gmt":"2024-01-06T11:08:45","guid":{"rendered":"https:\/\/ecoldemarkt.nl\/?page_id=2632"},"modified":"2025-07-31T12:19:16","modified_gmt":"2025-07-31T12:19:16","slug":"nieuws-2018","status":"publish","type":"page","link":"https:\/\/ecoldemarkt.nl\/?page_id=2632","title":{"rendered":"Berichten  2018"},"content":{"rendered":"<style>.wp-block-kadence-advancedheading.kt-adv-heading2632_35e98c-60, .wp-block-kadence-advancedheading.kt-adv-heading2632_35e98c-60[data-kb-block=\"kb-adv-heading2632_35e98c-60\"]{font-style:normal;}.wp-block-kadence-advancedheading.kt-adv-heading2632_35e98c-60 mark.kt-highlight, .wp-block-kadence-advancedheading.kt-adv-heading2632_35e98c-60[data-kb-block=\"kb-adv-heading2632_35e98c-60\"] mark.kt-highlight{font-style:normal;color:#f76a0c;-webkit-box-decoration-break:clone;box-decoration-break:clone;padding-top:0px;padding-right:0px;padding-bottom:0px;padding-left:0px;}.wp-block-kadence-advancedheading.kt-adv-heading2632_35e98c-60 img.kb-inline-image, .wp-block-kadence-advancedheading.kt-adv-heading2632_35e98c-60[data-kb-block=\"kb-adv-heading2632_35e98c-60\"] img.kb-inline-image{width:150px;vertical-align:baseline;}<\/style>\n<h6 class=\"kt-adv-heading2632_35e98c-60 wp-block-kadence-advancedheading\" data-kb-block=\"kb-adv-heading2632_35e98c-60\"><strong>10 december 2018: Het Gaat nu echt gebeuren!<\/strong><\/h6>\n\n\n\n<p>De ontwikkelingen volgen elkaar snel op. Hoog tijd dus om iedereen weer te informeren over de vorderingen in de voorbereiding voor de bouw van ons duurzame zonnepark op De Boterberg.<br>Het wordt ook tijd dat de (aspirant)leden van <strong>ECO <\/strong>zelf stappen gaan zetten. Er moet binnenkort worden vastgesteld hoe groot het aandeel van de afzonderlijke leden definitief gaat worden en we moeten de komende tijd gaan overstappen naar onze gemeenschappelijke energieleverancier. Meer informatie hierover staat in onze nieuwsbrief nr. 10.<\/p>\n\n\n\n<div style=\"height:20px\" aria-hidden=\"true\" class=\"wp-block-spacer\"><\/div>\n\n\n<style>.wp-block-kadence-advancedheading.kt-adv-heading2632_006d81-a6, .wp-block-kadence-advancedheading.kt-adv-heading2632_006d81-a6[data-kb-block=\"kb-adv-heading2632_006d81-a6\"]{font-style:normal;}.wp-block-kadence-advancedheading.kt-adv-heading2632_006d81-a6 mark.kt-highlight, .wp-block-kadence-advancedheading.kt-adv-heading2632_006d81-a6[data-kb-block=\"kb-adv-heading2632_006d81-a6\"] mark.kt-highlight{font-style:normal;color:#f76a0c;-webkit-box-decoration-break:clone;box-decoration-break:clone;padding-top:0px;padding-right:0px;padding-bottom:0px;padding-left:0px;}.wp-block-kadence-advancedheading.kt-adv-heading2632_006d81-a6 img.kb-inline-image, .wp-block-kadence-advancedheading.kt-adv-heading2632_006d81-a6[data-kb-block=\"kb-adv-heading2632_006d81-a6\"] img.kb-inline-image{width:150px;vertical-align:baseline;}<\/style>\n<h6 class=\"kt-adv-heading2632_006d81-a6 wp-block-kadence-advancedheading\" data-kb-block=\"kb-adv-heading2632_006d81-a6\"><strong>26 september 2018: De Vierde informatiebijeenkomst over de voortgang<\/strong><\/h6>\n\n\n<div class=\"wp-block-image is-resized\">\n<figure class=\"alignleft\"><img loading=\"lazy\" decoding=\"async\" width=\"300\" height=\"225\" src=\"https:\/\/ecoldemarkt.nl\/wp-content\/uploads\/2018\/10\/image1-300x225.jpeg\" alt=\"\" class=\"wp-image-773\"\/><\/figure>\n<\/div>\n\n\n<p>Op woensdag 26 september vond in MFC Dalzicht alweer de vierde informatiebijeenkomst plaats voor alle aspirant-leden en voor belangstellenden van ECO. In de periode vanaf 6 juni is er veel gebeurd. Zo is er een archeologisch onderzoek uitgevoerd en is er overleg geweest met de Welstandscommissie. In augustus is de omgevingsvergunning aangevraagd en inmiddels is de vergunning verleend. Momenteel vindt twee wekelijks overleg plaats met de gemeente over de technische randvoorwaarden van de installatie, de gebruikersovereenkomst voor ECO etc. Na afloop waren er een aantal vragen van de aanwezigen. Het verslag van de bijeenkomst is te lezen in onze <a href=\"https:\/\/ecoldemarkt.nl\/wp-content\/uploads\/2018\/10\/181003-ECO-Nieuwsbrief-nr-9.pdf\" target=\"_blank\" rel=\"noreferrer noopener\">nieuwbrief nr. 9<\/a>.<\/p>\n\n\n\n<div style=\"height:27px\" aria-hidden=\"true\" class=\"wp-block-spacer\"><\/div>\n\n\n<style>.wp-block-kadence-advancedheading.kt-adv-heading2632_8aae3c-39, .wp-block-kadence-advancedheading.kt-adv-heading2632_8aae3c-39[data-kb-block=\"kb-adv-heading2632_8aae3c-39\"]{font-style:normal;}.wp-block-kadence-advancedheading.kt-adv-heading2632_8aae3c-39 mark.kt-highlight, .wp-block-kadence-advancedheading.kt-adv-heading2632_8aae3c-39[data-kb-block=\"kb-adv-heading2632_8aae3c-39\"] mark.kt-highlight{font-style:normal;color:#f76a0c;-webkit-box-decoration-break:clone;box-decoration-break:clone;padding-top:0px;padding-right:0px;padding-bottom:0px;padding-left:0px;}.wp-block-kadence-advancedheading.kt-adv-heading2632_8aae3c-39 img.kb-inline-image, .wp-block-kadence-advancedheading.kt-adv-heading2632_8aae3c-39[data-kb-block=\"kb-adv-heading2632_8aae3c-39\"] img.kb-inline-image{width:150px;vertical-align:baseline;}<\/style>\n<h6 class=\"kt-adv-heading2632_8aae3c-39 wp-block-kadence-advancedheading\" data-kb-block=\"kb-adv-heading2632_8aae3c-39\"><a href=\"https:\/\/ecoldemarkt.nl\/wp-content\/uploads\/2018\/06\/180603-ECO-puntlogo-eco-e1528032667743.jpg\"><\/a><strong>31 juli 2018: Aanvraag omgevingsvergunning ingediend en 21 augustus Vergunning verleend<\/strong><\/h6>\n\n\n<div class=\"wp-block-image is-resized\">\n<figure class=\"alignleft\"><img loading=\"lazy\" decoding=\"async\" width=\"169\" height=\"300\" src=\"https:\/\/ecoldemarkt.nl\/wp-content\/uploads\/2018\/08\/kranteartikel-vergunningaanvraag-169x300.jpg\" alt=\"\" class=\"wp-image-730\" srcset=\"https:\/\/ecoldemarkt.nl\/wp-content\/uploads\/2018\/08\/kranteartikel-vergunningaanvraag-169x300.jpg 169w, https:\/\/ecoldemarkt.nl\/wp-content\/uploads\/2018\/08\/kranteartikel-vergunningaanvraag-576x1024.jpg 576w, https:\/\/ecoldemarkt.nl\/wp-content\/uploads\/2018\/08\/kranteartikel-vergunningaanvraag.jpg 747w\" sizes=\"auto, (max-width: 169px) 100vw, 169px\" \/><\/figure>\n<\/div>\n\n\n<p>De aanvraag voor de omgevingsvergunning is ingediend en inmiddels gepubliceerd in de gemeentelijke berichten. Bijgaand een foto van de ingekomen aanvragen in de Steenwijker Courant. Verwacht wordt dat de vergunningsprocedure acht weken in beslag zal nemen. De voorbereidingen hadden nog heel wat voeten in de aarde. Maar inmiddels lijkt niets de bouw van een kleinschalig zonnepark, met ruimte voor ten minste 400 panelen voor de leden van ECO, meer in de weg te staan.<\/p>\n\n\n\n<p>Op 21 augustus is de omgevingsvergunning verleend. Er is \u00e9\u00e9n bezwaar ingekomen. Dit heeft geen opschortende werking en naar verwachting zal het bezwaar niet ontvankelijk worden verklaard.<\/p>\n\n\n\n<div style=\"height:20px\" aria-hidden=\"true\" class=\"wp-block-spacer\"><\/div>\n\n\n<style>.wp-block-kadence-advancedheading.kt-adv-heading2632_70dc34-9b, .wp-block-kadence-advancedheading.kt-adv-heading2632_70dc34-9b[data-kb-block=\"kb-adv-heading2632_70dc34-9b\"]{font-style:normal;}.wp-block-kadence-advancedheading.kt-adv-heading2632_70dc34-9b mark.kt-highlight, .wp-block-kadence-advancedheading.kt-adv-heading2632_70dc34-9b[data-kb-block=\"kb-adv-heading2632_70dc34-9b\"] mark.kt-highlight{font-style:normal;color:#f76a0c;-webkit-box-decoration-break:clone;box-decoration-break:clone;padding-top:0px;padding-right:0px;padding-bottom:0px;padding-left:0px;}.wp-block-kadence-advancedheading.kt-adv-heading2632_70dc34-9b img.kb-inline-image, .wp-block-kadence-advancedheading.kt-adv-heading2632_70dc34-9b[data-kb-block=\"kb-adv-heading2632_70dc34-9b\"] img.kb-inline-image{width:150px;vertical-align:baseline;}<\/style>\n<h6 class=\"kt-adv-heading2632_70dc34-9b wp-block-kadence-advancedheading\" data-kb-block=\"kb-adv-heading2632_70dc34-9b\"><a href=\"https:\/\/ecoldemarkt.nl\/wp-content\/uploads\/2018\/06\/180603-ECO-puntlogo-eco-e1528032667743.jpg\"><\/a><strong>10 juni 2018: ECO overhandigt resultaten&nbsp;bewonersconsultatie&nbsp;aan wethouder Oene Akkerman<\/strong><\/h6>\n\n\n<div class=\"wp-block-image is-resized\">\n<figure class=\"alignleft\"><a href=\"https:\/\/ecoldemarkt.nl\/wp-content\/uploads\/2018\/06\/foto-overhandigen-pamflet.jpg\"><img loading=\"lazy\" decoding=\"async\" width=\"251\" height=\"300\" src=\"https:\/\/ecoldemarkt.nl\/wp-content\/uploads\/2018\/06\/foto-overhandigen-pamflet-251x300.jpg\" alt=\"\" class=\"wp-image-693\" style=\"width:385px;height:auto\" srcset=\"https:\/\/ecoldemarkt.nl\/wp-content\/uploads\/2018\/06\/foto-overhandigen-pamflet-251x300.jpg 251w, https:\/\/ecoldemarkt.nl\/wp-content\/uploads\/2018\/06\/foto-overhandigen-pamflet-768x919.jpg 768w, https:\/\/ecoldemarkt.nl\/wp-content\/uploads\/2018\/06\/foto-overhandigen-pamflet-856x1024.jpg 856w, https:\/\/ecoldemarkt.nl\/wp-content\/uploads\/2018\/06\/foto-overhandigen-pamflet.jpg 1038w\" sizes=\"auto, (max-width: 251px) 100vw, 251px\" \/><\/a><\/figure>\n<\/div>\n\n\n<p>De bevindingen van de bewonersconsultatie op de <strong>ECO<\/strong>-voorlichtingsavond van 6 juni zijn op 10 juni door middel van een pamflet aangeboden aan de wethouder Oene Akkerman. De overhandiging van het pamflet vond plaats op het terrein waar het zonnepark zal worden gebouwd.<\/p>\n\n\n\n<p>De tekst op het pamflet luidt:<br><em><strong>OLDEMARKT GAAT VOOR ZONNEPARK<\/strong><\/em><br><em><strong>Bevindingen van bewonersconsultatie<\/strong><\/em><br><em>Op woensdag 6 juni j.l. werden de inwoners van Oldemarkt door de Energie Co\u00f6peratie Oldemarkt bijgepraat over het plan om op bedrijventerrein de Boterberg een kleinschalig zonnepark te realiseren. Iedere inwoner van Oldemarkt had voor deze bijeenkomst een persoonlijke uitnodiging ontvangen.<\/em><br><em>Op de informatieavond -die op de beoogde locatie was georganiseerd- werd na een korte inleiding (waarom hier?, waarom niet op een dak? wat is de omvang?) aan de hand van een virtual-reality presentatie \u00e9n door middel van een korte rondgang langs het beoogde terrein een beeld geschetst van het plan.&nbsp;<\/em><em>Aan het einde van de bijeenkomst werden alle aanwezigen expliciet gevraagd naar hun standpunt. De mening van de aanwezigen was unaniem: <strong>\u201cdit is een wenselijke ontwikkeling, wij staan hier als inwoners van Oldemarkt achter\u201d.<\/strong> Daarbij werd nog een aantal nuttige tips gegeven waar het bestuur van de Energie Co\u00f6peratie Oldemarkt aandacht aan zal schenken.<\/em><\/p>\n\n\n\n<p>Deze actie heeft geleid tot een interview en <a href=\"https:\/\/ecoldemarkt.nl\/wp-content\/uploads\/2018\/06\/ECO-artikel-RTVOost-11-06-2018.pdf\" target=\"_blank\" rel=\"noreferrer noopener\"><em>artikel bij RTV Oost<\/em><\/a> en een <em><a href=\"https:\/\/ecoldemarkt.nl\/wp-content\/uploads\/2018\/06\/ECO-artikel-Stwcrnt-10-juni-2018.jpg\" target=\"_blank\" rel=\"noreferrer noopener\">artikel in de Steenwijker Courant<\/a>.<\/em><\/p>\n\n\n\n<div style=\"height:20px\" aria-hidden=\"true\" class=\"wp-block-spacer\"><\/div>\n\n\n<style>.wp-block-kadence-advancedheading.kt-adv-heading2632_728bcb-71, .wp-block-kadence-advancedheading.kt-adv-heading2632_728bcb-71[data-kb-block=\"kb-adv-heading2632_728bcb-71\"]{font-style:normal;}.wp-block-kadence-advancedheading.kt-adv-heading2632_728bcb-71 mark.kt-highlight, .wp-block-kadence-advancedheading.kt-adv-heading2632_728bcb-71[data-kb-block=\"kb-adv-heading2632_728bcb-71\"] mark.kt-highlight{font-style:normal;color:#f76a0c;-webkit-box-decoration-break:clone;box-decoration-break:clone;padding-top:0px;padding-right:0px;padding-bottom:0px;padding-left:0px;}.wp-block-kadence-advancedheading.kt-adv-heading2632_728bcb-71 img.kb-inline-image, .wp-block-kadence-advancedheading.kt-adv-heading2632_728bcb-71[data-kb-block=\"kb-adv-heading2632_728bcb-71\"] img.kb-inline-image{width:150px;vertical-align:baseline;}<\/style>\n<h6 class=\"kt-adv-heading2632_728bcb-71 wp-block-kadence-advancedheading\" data-kb-block=\"kb-adv-heading2632_728bcb-71\"><a href=\"https:\/\/ecoldemarkt.nl\/wp-content\/uploads\/2018\/06\/180603-ECO-puntlogo-eco-e1528032667743.jpg\"><\/a><strong>6 juni 2018: Voorlichtingsavond&nbsp;\u2018Zon op de Grond\u2019 was succes<\/strong><\/h6>\n\n\n<div class=\"wp-block-image\">\n<figure class=\"alignleft\"><a href=\"https:\/\/ecoldemarkt.nl\/wp-content\/uploads\/2018\/06\/IMG_0965.jpg\"><img loading=\"lazy\" decoding=\"async\" width=\"300\" height=\"225\" src=\"https:\/\/ecoldemarkt.nl\/wp-content\/uploads\/2018\/06\/IMG_0965-300x225.jpg\" alt=\"\" class=\"wp-image-680\" srcset=\"https:\/\/ecoldemarkt.nl\/wp-content\/uploads\/2018\/06\/IMG_0965-300x225.jpg 300w, https:\/\/ecoldemarkt.nl\/wp-content\/uploads\/2018\/06\/IMG_0965-768x576.jpg 768w, https:\/\/ecoldemarkt.nl\/wp-content\/uploads\/2018\/06\/IMG_0965-1024x768.jpg 1024w, https:\/\/ecoldemarkt.nl\/wp-content\/uploads\/2018\/06\/IMG_0965-1200x900.jpg 1200w, https:\/\/ecoldemarkt.nl\/wp-content\/uploads\/2018\/06\/IMG_0965.jpg 2048w\" sizes=\"auto, (max-width: 300px) 100vw, 300px\" \/><\/a><\/figure>\n<\/div>\n\n\n<p>Op 6 juni heeft <strong>ECO <\/strong>een voorlichtingsavond georganiseerd om aan de inwoners van Oldemarkt uit te leggen wat de plannen inhouden voor een kleinschalig zonnepark op de Boterberg. De avond vond plaats direct naast de beoogde locatie aan de Eekstraat, in de Stalhouderij van de familie Zwaan.&nbsp; Alle inwoners van Oldemarkt hadden hiervoor een persoonlijke uitnodiging gekregen. Ondanks het mooie weer waren ruim veertig belangstellenden aanwezig. Na de inleiding konden de belangstellenden een kijkje nemen op het terrein en was er gelegenheid voor het bekijken van een virtual-reality presentatie door Myrte van Heek van <strong>ROM3D<\/strong>.<\/p>\n\n\n\n<p>Aan het einde van de bijeenkomst is aan alle aanwezigen expliciet gevraagd naar hun standpunt. De mening van de aanwezigen was unaniem positief: Met name de naaste buren zijn blij met het plan. Door de aanwezigen zijn een aantal vragen gesteld en suggesties gegeven. <strong>ECO <\/strong>neemt de suggesties graag mee in de uitwerking van de plannen. Voor een meer uitgebreid verslag van de avond wordt verwezen naar <a href=\"https:\/\/ecoldemarkt.nl\/wp-content\/uploads\/2018\/06\/180614-ECO-Nieuwsbrief-nr-6.pdf\" target=\"_blank\" rel=\"noreferrer noopener\"><em>Nieuwsbrief nr. 6<\/em><\/a>.<\/p>\n\n\n\n<p><strong>ECO<\/strong> trekt met dit plan de nodige aandacht in de media. In de Steenwijker courant en in de Stentor zijn naar aanleiding van&nbsp;de informatieavond van 6 juni jl. leuke artikelen gepubliceerd. In de Stentor van 28 mei stond een positief artikel met de kop: &#8216;<em><a href=\"https:\/\/ecoldemarkt.nl\/wp-content\/uploads\/2018\/06\/180601-ECO-foto-artikel-in-Stentor-28-mei-PHOTO-2018-05-28-13-10-47.jpg\" target=\"_blank\" rel=\"noreferrer noopener\">Toeval helpt een handje bij komst van zonnepark<\/a>\u2019. Er<\/em>&nbsp;stond ook een leuk interview in de Steenwijker Courant van 28 mei met de kop <a href=\"https:\/\/ecoldemarkt.nl\/wp-content\/uploads\/2018\/06\/180601-ECO-foto-1-artikel-Stwcour-28-mei-IMG_0956-e1528114346920.jpg\" target=\"_blank\" rel=\"noreferrer noopener\"><em>&#8216;Dan maar zon op de grond\u2019<\/em> <\/a>&nbsp;voorzien van een mooie overzichtsfoto van het terrein.<\/p>\n\n\n\n<div style=\"height:20px\" aria-hidden=\"true\" class=\"wp-block-spacer\"><\/div>\n\n\n<style>.wp-block-kadence-advancedheading.kt-adv-heading2632_7a00a6-66, .wp-block-kadence-advancedheading.kt-adv-heading2632_7a00a6-66[data-kb-block=\"kb-adv-heading2632_7a00a6-66\"]{font-style:normal;}.wp-block-kadence-advancedheading.kt-adv-heading2632_7a00a6-66 mark.kt-highlight, .wp-block-kadence-advancedheading.kt-adv-heading2632_7a00a6-66[data-kb-block=\"kb-adv-heading2632_7a00a6-66\"] mark.kt-highlight{font-style:normal;color:#f76a0c;-webkit-box-decoration-break:clone;box-decoration-break:clone;padding-top:0px;padding-right:0px;padding-bottom:0px;padding-left:0px;}.wp-block-kadence-advancedheading.kt-adv-heading2632_7a00a6-66 img.kb-inline-image, .wp-block-kadence-advancedheading.kt-adv-heading2632_7a00a6-66[data-kb-block=\"kb-adv-heading2632_7a00a6-66\"] img.kb-inline-image{width:150px;vertical-align:baseline;}<\/style>\n<h6 class=\"kt-adv-heading2632_7a00a6-66 wp-block-kadence-advancedheading\" data-kb-block=\"kb-adv-heading2632_7a00a6-66\"><a href=\"https:\/\/ecoldemarkt.nl\/wp-content\/uploads\/2018\/06\/180603-ECO-puntlogo-eco-e1528032667743.jpg\"><\/a><strong>Medio maart 2018: Beslissing &#8230; ZON OP DE GROND<\/strong><\/h6>\n\n\n<div class=\"wp-block-image is-resized\">\n<figure class=\"alignleft\"><a href=\"https:\/\/ecoldemarkt.nl\/wp-content\/uploads\/2018\/06\/180529-ECO-PV-panelen-op-de-grond.jpg\"><img loading=\"lazy\" decoding=\"async\" width=\"300\" height=\"180\" src=\"https:\/\/ecoldemarkt.nl\/wp-content\/uploads\/2018\/06\/180529-ECO-PV-panelen-op-de-grond-300x180.jpg\" alt=\"\" class=\"wp-image-574\" srcset=\"https:\/\/ecoldemarkt.nl\/wp-content\/uploads\/2018\/06\/180529-ECO-PV-panelen-op-de-grond-300x180.jpg 300w, https:\/\/ecoldemarkt.nl\/wp-content\/uploads\/2018\/06\/180529-ECO-PV-panelen-op-de-grond.jpg 740w\" sizes=\"auto, (max-width: 300px) 100vw, 300px\" \/><\/a><\/figure>\n<\/div>\n\n\n<p><strong>ECO<\/strong> heeft de afgelopen tijd veel stappen gezet om in Oldemarkt gezamenlijk aan de slag te gaan met zonne-energie. Er is veel belangstelling: de aspirant-leden en het bestuur zitten dan ook vol (zonne)-energie om alle stappen te zetten die nodig zijn om tot realisatie te komen. De plannen en alle rekensommen waren eind april helemaal klaar, de contracten konden feitelijk worden ondertekend. Toen bleek uit de definitieve sterkteberekening dat het dak, waarop de zonnepanelen zouden worden geplaatst, niet sterk genoeg is.<\/p>\n\n\n\n<p>Bij de zoektocht naar een andere locatie kwam de mogelijkheid voor <strong>\u2018Zon op de grond\u2019<\/strong> weer in beeld. <strong>ECO<\/strong> kan, samen met de gemeente Steenwijkerland, een klein zonnepark van ca 1,5 Ha realiseren op een deel van de braakliggende stukken grond op industrieterrein De Boterberg.<br>Binnen dat zonnepark ontstaat voldoende ruimte voor de huidige &#8211; en voor nieuwe deelnemers aan <strong>ECO<\/strong>. Het doel van de co\u00f6peratie -gezamenlijk en voordelig zonne-energie opwekken-&nbsp; kan op deze manier worden bereikt tegen lagere kosten.<br>Dit betekent dat de ECO nu, samen met de gemeente Steenwijkerland, een nieuwe stap zet die n\u00f3g meer inwoners van Oldemarkt de kans biedt om gebruik te maken van de voordelen van duurzame energie.<\/p>\n\n\n\n<div style=\"height:20px\" aria-hidden=\"true\" class=\"wp-block-spacer\"><\/div>\n\n\n<style>.wp-block-kadence-advancedheading.kt-adv-heading2632_7abc5b-98, .wp-block-kadence-advancedheading.kt-adv-heading2632_7abc5b-98[data-kb-block=\"kb-adv-heading2632_7abc5b-98\"]{font-style:normal;}.wp-block-kadence-advancedheading.kt-adv-heading2632_7abc5b-98 mark.kt-highlight, .wp-block-kadence-advancedheading.kt-adv-heading2632_7abc5b-98[data-kb-block=\"kb-adv-heading2632_7abc5b-98\"] mark.kt-highlight{font-style:normal;color:#f76a0c;-webkit-box-decoration-break:clone;box-decoration-break:clone;padding-top:0px;padding-right:0px;padding-bottom:0px;padding-left:0px;}.wp-block-kadence-advancedheading.kt-adv-heading2632_7abc5b-98 img.kb-inline-image, .wp-block-kadence-advancedheading.kt-adv-heading2632_7abc5b-98[data-kb-block=\"kb-adv-heading2632_7abc5b-98\"] img.kb-inline-image{width:150px;vertical-align:baseline;}<\/style>\n<h6 class=\"kt-adv-heading2632_7abc5b-98 wp-block-kadence-advancedheading\" data-kb-block=\"kb-adv-heading2632_7abc5b-98\"><strong>26 februari 2018: De gemeente Steenwijkerland heeft aan ECO een check overhandigd van \u20ac 10.000,-.<\/strong><\/h6>\n\n\n\n<figure class=\"wp-block-image alignleft is-resized\"><img decoding=\"async\" class=\"wp-image-476\" src=\"https:\/\/ecoldemarkt.nl\/wp-content\/uploads\/2018\/05\/IMG_5967-1024x683.jpg\" alt=\"\" \/><\/figure>\n\n\n\n<p><img loading=\"lazy\" decoding=\"async\" class=\"size-medium wp-image-693 alignleft\" src=\"https:\/\/ecoldemarkt.nl\/wp-content\/uploads\/2018\/06\/foto-overhandigen-pamflet-251x300.jpg\" alt=\"\" width=\"251\" height=\"300\" srcset=\"https:\/\/ecoldemarkt.nl\/wp-content\/uploads\/2018\/06\/foto-overhandigen-pamflet-251x300.jpg 251w, https:\/\/ecoldemarkt.nl\/wp-content\/uploads\/2018\/06\/foto-overhandigen-pamflet-768x919.jpg 768w, https:\/\/ecoldemarkt.nl\/wp-content\/uploads\/2018\/06\/foto-overhandigen-pamflet-856x1024.jpg 856w, https:\/\/ecoldemarkt.nl\/wp-content\/uploads\/2018\/06\/foto-overhandigen-pamflet.jpg 1038w\" sizes=\"auto, (max-width: 251px) 100vw, 251px\" \/>Op 26 februari overhandigde wethouder Oene Akkerman een check van \u20ac 10.000,-. Dit maakt het mogelijk om onder meer de aanloopkosten voor de realisatie van de zonne-energie installatie te kunnen betalen. De gebeurtenis werd bijgewoond door een flink aantal deelnemers. Het heeft geleid tot de publicatie van onderstaand bericht in de media:<\/p>\n\n\n\n<div style=\"height:26px\" aria-hidden=\"true\" class=\"wp-block-spacer\"><\/div>\n\n\n\n<p><em><strong>Voortvarende start Energie Co\u00f6peratie Oldemarkt wordt door gemeente Steenwijkerland beloond met startkapitaal<\/strong><br \/>Vanaf oktober vorig jaar is er hard gewerkt aan de oprichting van een energie co\u00f6peratie met als doel om in Oldemarkt gezamenlijk een fors aantal zonnepanelen te plaatsen op het dak van \u00e9\u00e9n van de bedrijfsgebouwen op het bedrijventerrein de Boterberg.\u00a0Er zijn inmiddels heel wat stappen gezet. Om dat te onderstrepen heeft wethouder Oene Akkerman namens de gemeente Steenwijkerland op maandag 26 februari j.l. een cheque ter waarde van \u20ac 10.000,- overhandigd aan Hans Schiphorst, voorzitter van de Energie Co\u00f6peratie Oldemarkt. Oene Akkerman gaf daarbij aan dat: \u201cDe transitie naar meer duurzame energie bij de gemeente Steenwijkerland hoog op de agenda staat. Om die reden ondersteunt het College van Burgemeester en Wethouders dit initiatief van harte. Fantastisch om te merken dat inwoners zelf ook het initiatief tot die transitie nemen. In Oldemarkt gebeurt dat in een tempo waar ik mijn petje voor afneem.<\/em><\/p>\n\n\n","protected":false},"excerpt":{"rendered":"<p>10 december 2018: Het Gaat nu echt gebeuren! De ontwikkelingen volgen elkaar snel op. Hoog tijd dus om iedereen weer te informeren over de vorderingen in de voorbereiding voor de bouw van ons duurzame zonnepark op De Boterberg.Het wordt ook<a class=\"more-link\" href=\"https:\/\/ecoldemarkt.nl\/?page_id=2632\" title=\"Berichten  2018\"><span>Lees verder<\/span><\/a><\/p>\n","protected":false},"author":1,"featured_media":0,"parent":0,"menu_order":0,"comment_status":"closed","ping_status":"closed","template":"","meta":{"_monsterinsights_skip_tracking":false,"_monsterinsights_sitenote_active":false,"_monsterinsights_sitenote_note":"","_monsterinsights_sitenote_category":0,"footnotes":""},"class_list":["post-2632","page","type-page","status-publish","hentry"],"_links":{"self":[{"href":"https:\/\/ecoldemarkt.nl\/index.php?rest_route=\/wp\/v2\/pages\/2632","targetHints":{"allow":["GET"]}}],"collection":[{"href":"https:\/\/ecoldemarkt.nl\/index.php?rest_route=\/wp\/v2\/pages"}],"about":[{"href":"https:\/\/ecoldemarkt.nl\/index.php?rest_route=\/wp\/v2\/types\/page"}],"author":[{"embeddable":true,"href":"https:\/\/ecoldemarkt.nl\/index.php?rest_route=\/wp\/v2\/users\/1"}],"replies":[{"embeddable":true,"href":"https:\/\/ecoldemarkt.nl\/index.php?rest_route=%2Fwp%2Fv2%2Fcomments&post=2632"}],"version-history":[{"count":9,"href":"https:\/\/ecoldemarkt.nl\/index.php?rest_route=\/wp\/v2\/pages\/2632\/revisions"}],"predecessor-version":[{"id":3221,"href":"https:\/\/ecoldemarkt.nl\/index.php?rest_route=\/wp\/v2\/pages\/2632\/revisions\/3221"}],"wp:attachment":[{"href":"https:\/\/ecoldemarkt.nl\/index.php?rest_route=%2Fwp%2Fv2%2Fmedia&parent=2632"}],"curies":[{"name":"wp","href":"https:\/\/api.w.org\/{rel}","templated":true}]}}